{"id":2154,"date":"2015-03-12T14:38:59","date_gmt":"2015-03-12T14:38:59","guid":{"rendered":"http:\/\/demo-content.kaliumtheme.com\/agency\/?page_id=2154"},"modified":"2019-03-08T14:18:59","modified_gmt":"2019-03-08T13:18:59","slug":"services","status":"publish","type":"page","link":"https:\/\/www.norma-architecture.fr\/index.php\/services\/","title":{"rendered":"Services"},"content":{"rendered":"<div class=\"wpb-content-wrapper\"><p>[vc_row][vc_column reveal_effect=\u00a0\u00bbfadeIn\u00a0\u00bb reveal_duration=\u00a0\u00bb0.7&Prime;][lab_heading title=\u00a0\u00bbServices\u00a0\u00bb]Nous sommes une agence d&rsquo;architecture bas\u00e9e \u00e0 Tain L&rsquo;Hermitage, au coeur de la vall\u00e9e du Rh\u00f4ne. Nous concevons et r\u00e9alisons des b\u00e2timents beaux, pratiques et durables. Vous trouverez ici une pr\u00e9sentation de nos comp\u00e9tences. N&rsquo;h\u00e9sitez pas \u00e0 <a href=\"http:\/\/www.norma-architecture.fr\/index.php\/contact\/\">nous contacter<\/a> ou \u00e0 consulter notre <a href=\"http:\/\/www.norma-architecture.fr\/index.php\/faq\/\">FAQ<\/a>.[\/lab_heading][\/vc_column][\/vc_row][vc_row css=\u00a0\u00bb.vc_custom_1426246378123{margin-bottom: 0px !important;}\u00a0\u00bb][vc_column width=\u00a0\u00bb1\/2&Prime; reveal_effect=\u00a0\u00bbfadeIn\u00a0\u00bb reveal_duration=\u00a0\u00bb1&Prime; css=\u00a0\u00bb.vc_custom_1504614928532{margin-right: 0px !important;padding-right: 0px !important;}\u00a0\u00bb el_class=\u00a0\u00bbno-margin-desktop\u00a0\u00bb][vc_single_image image=\u00a0\u00bb4132&Prime; img_size=\u00a0\u00bbfull\u00a0\u00bb css=\u00a0\u00bb.vc_custom_1546447846003{margin-bottom: 0px !important;}\u00a0\u00bb][\/vc_column][vc_column width=\u00a0\u00bb1\/2&Prime; reveal_effect=\u00a0\u00bbfadeIn\u00a0\u00bb reveal_duration=\u00a0\u00bb1&Prime;][lab_service_box css=\u00a0\u00bb.vc_custom_1427234469550{padding-top: 45px !important;padding-right: 45px !important;padding-bottom: 45px !important;padding-left: 45px !important;}\u00a0\u00bb][vc_icon icon_linea=\u00a0\u00bbicon-basic-pencil-ruler\u00a0\u00bb size=\u00a0\u00bblg\u00a0\u00bb][lab_service_box_content title=\u00a0\u00bbArchitecture\u00a0\u00bb description=\u00a0\u00bbNous sommes architectes : nous concevons sur-mesure vos espaces pour tous types d&rsquo;affectation : habitat, commerces, locaux professionnels\u2026<\/p>\n<p>Notre force : Nous maitrisons \u00e0 100% nos r\u00e9alisations et nous apportons des solutions pertinentes, adapt\u00e9es \u00e0 l\u2019\u00e9chelle de vos projets, afin de r\u00e9pondre \u00e0 tous types de contraintes : ERP, r\u00e9habilitation complexe, extension ou sur\u00e9l\u00e9vation, site occup\u00e9, reprise en sous-oeuvre technique, acc\u00e8s difficile, contexte r\u00e9glementaire complexe, site class\u00e9\u2026\u00a0\u00bb][\/lab_service_box][\/vc_column][\/vc_row][vc_row css=\u00a0\u00bb.vc_custom_1426246383421{margin-bottom: 0px !important;}\u00a0\u00bb][vc_column width=\u00a0\u00bb1\/2&Prime; reveal_effect=\u00a0\u00bbfadeIn\u00a0\u00bb reveal_duration=\u00a0\u00bb1&Prime;][lab_service_box css=\u00a0\u00bb.vc_custom_1427234476895{padding-top: 45px !important;padding-right: 45px !important;padding-bottom: 45px !important;padding-left: 45px !important;}\u00a0\u00bb][vc_icon icon_linea=\u00a0\u00bbicon-basic-todolist-pen\u00a0\u00bb size=\u00a0\u00bblg\u00a0\u00bb][lab_service_box_content title=\u00a0\u00bb\u00c9TUDES TECHNIQUES\u00a0\u00bb description=\u00a0\u00bbNotre savoir-faire, c\u2019est la connaissance intime de nos projets et de la technique du b\u00e2timent.<\/p>\n<p>Nous avons choisi de r\u00e9aliser en interne l\u2019ensemble des \u00e9tudes techniques n\u00e9cessaires \u00e0 l\u2019aboutissement de vos projets :<\/p>\n<p>&#8211; Relev\u00e9 d\u2019\u00e9tat des lieux, mod\u00e9lisation de maquette num\u00e9rique<\/p>\n<p>&#8211; Etude de faisabilit\u00e9, technique, r\u00e9glementaire et \u00e9conomique<\/p>\n<p>&#8211; Economie de la construction, \u00e9tudes de prix, avant m\u00e9tr\u00e9s, d\u00e9composition de prix global, r\u00e9daction des dossiers de consultation des entreprises, organisation de proc\u00e9dures d\u2019appel d\u2019offre, r\u00e9daction des pi\u00e8ces de march\u00e9 contractuelles, v\u00e9rification des offres et des quantitatifs.<\/p>\n<p>Conception et prescription technique tous corps d\u2019\u00e9tat, r\u00e9daction des cahiers des clauses techniques, \u00e9tablissement des carnets de d\u00e9tail de principe d\u2019ex\u00e9cution, synth\u00e8se technique<\/p>\n<p>Nous travaillons exclusivement en maquette 3D num\u00e9rique BIM.\u00a0\u00bb][\/lab_service_box][\/vc_column][vc_column width=\u00a0\u00bb1\/2&Prime; reveal_effect=\u00a0\u00bbfadeIn\u00a0\u00bb css=\u00a0\u00bb.vc_custom_1504614932143{padding-right: 0px !important;padding-left: 0px !important;}\u00a0\u00bb reveal_duration=\u00a0\u00bb1&Prime; el_class=\u00a0\u00bbno-margin-desktop\u00a0\u00bb][vc_single_image image=\u00a0\u00bb3946&Prime; img_size=\u00a0\u00bbfull\u00a0\u00bb css=\u00a0\u00bb.vc_custom_1539617621552{margin-bottom: 0px !important;}\u00a0\u00bb][\/vc_column][\/vc_row][vc_row css=\u00a0\u00bb.vc_custom_1426246390316{margin-bottom: 0px !important;}\u00a0\u00bb][vc_column width=\u00a0\u00bb1\/2&Prime; reveal_effect=\u00a0\u00bbfadeIn\u00a0\u00bb reveal_duration=\u00a0\u00bb1&Prime; css=\u00a0\u00bb.vc_custom_1504614935641{margin-right: 0px !important;padding-right: 0px !important;}\u00a0\u00bb el_class=\u00a0\u00bbno-margin-desktop\u00a0\u00bb][vc_single_image image=\u00a0\u00bb3945&Prime; img_size=\u00a0\u00bbfull\u00a0\u00bb][\/vc_column][vc_column width=\u00a0\u00bb1\/2&Prime; reveal_effect=\u00a0\u00bbfadeIn\u00a0\u00bb reveal_duration=\u00a0\u00bb1&Prime;][lab_service_box css=\u00a0\u00bb.vc_custom_1427234491823{padding-top: 45px !important;padding-right: 45px !important;padding-bottom: 45px !important;padding-left: 45px !important;}\u00a0\u00bb][vc_icon icon_linea=\u00a0\u00bbicon-basic-hammer\u00a0\u00bb size=\u00a0\u00bblg\u00a0\u00bb][lab_service_box_content title=\u00a0\u00bbEXECUTION DE TRAVAUX\u00a0\u00bb description=\u00a0\u00bbNous maitrisons l\u2019int\u00e9gralit\u00e9 de nos suivis de chantier :<\/p>\n<p>&#8211; Etablissement des planning<br \/>\n&#8211; Etude de m\u00e9thodologie et optimisation d\u00e9lais et intervention<br \/>\n&#8211; Direction d\u2019ex\u00e9cution des travaux tous corps d\u2019\u00e9tat<br \/>\n&#8211; OPC<br \/>\n&#8211; Analyse financi\u00e8re et v\u00e9rification des situations de travaux<br \/>\n&#8211; Assistance \u00e0 la r\u00e9ception et lev\u00e9 de r\u00e9serve<\/p>\n<p>Notre parfaite connaissance du tissu d\u2019entreprises r\u00e9gionales nous permet de vous assister dans le choix des partenaires les plus \u00e0 m\u00eame d\u2019apporter qualit\u00e9 et ponctualit\u00e9 \u00e0 vos travaux.\u00a0\u00bb][\/lab_service_box][\/vc_column][\/vc_row][vc_row css=\u00a0\u00bb.vc_custom_1426246390316{margin-bottom: 0px !important;}\u00a0\u00bb][vc_column width=\u00a0\u00bb1\/2&Prime; reveal_effect=\u00a0\u00bbfadeIn\u00a0\u00bb reveal_duration=\u00a0\u00bb1&Prime; css=\u00a0\u00bb.vc_custom_1504614935641{margin-right: 0px !important;padding-right: 0px !important;}\u00a0\u00bb el_class=\u00a0\u00bbno-margin-desktop\u00a0\u00bb][lab_service_box css=\u00a0\u00bb.vc_custom_1427234491823{padding-top: 45px !important;padding-right: 45px !important;padding-bottom: 45px !important;padding-left: 45px !important;}\u00a0\u00bb][vc_icon icon_linea=\u00a0\u00bbicon-basic-lightbulb\u00a0\u00bb size=\u00a0\u00bblg\u00a0\u00bb][lab_service_box_content title=\u00a0\u00bbINNOVATION &amp; ENVIRONNEMENT\u00a0\u00bb description=\u00a0\u00bbNous portons une attention permanente aux produits, techniques et savoir-faire innovants.<\/p>\n<p>Nous avons \u00e9t\u00e9 pionniers sur le march\u00e9 national \u00e0 employer des proc\u00e9d\u00e9s innovants aujourd\u2019hui largements reconnus tels que :<\/p>\n<p>&#8211; Parois et toiture terrasse en bois lamell\u00e9 crois\u00e9 CLT KLH\u00ae<br \/>\n&#8211; Fondations ponctuelles par pieux m\u00e9talliques viss\u00e9s TECHNOPIEUX\u00ae<br \/>\n&#8211; Membrane de toiture hygrovariable PROCLIMA INTELLO\u00ae\u00a0\u00bb][\/lab_service_box][\/vc_column][vc_column width=\u00a0\u00bb1\/2&Prime; reveal_effect=\u00a0\u00bbfadeIn\u00a0\u00bb reveal_duration=\u00a0\u00bb1&Prime;][vc_single_image image=\u00a0\u00bb3947&Prime; img_size=\u00a0\u00bbfull\u00a0\u00bb][\/vc_column][\/vc_row]<\/p>\n<\/div>","protected":false},"excerpt":{"rendered":"<p>[vc_row][vc_column reveal_effect=\u00a0\u00bbfadeIn\u00a0\u00bb reveal_duration=\u00a0\u00bb0.7&Prime;][lab_heading title=\u00a0\u00bbServices\u00a0\u00bb]Nous sommes une agence d&rsquo;architecture bas\u00e9e \u00e0 Tain L&rsquo;Hermitage, au coeur de la vall\u00e9e du Rh\u00f4ne. Nous concevons et r\u00e9alisons des b\u00e2timents beaux, pratiques et durables. Vous trouverez ici une pr\u00e9sentation de nos comp\u00e9tences. N&rsquo;h\u00e9sitez pas \u00e0 nous contacter ou \u00e0 consulter notre FAQ.[\/lab_heading][\/vc_column][\/vc_row][vc_row css=\u00a0\u00bb.vc_custom_1426246378123{margin-bottom: 0px !important;}\u00a0\u00bb][vc_column width=\u00a0\u00bb1\/2&Prime; reveal_effect=\u00a0\u00bbfadeIn\u00a0\u00bb reveal_duration=\u00a0\u00bb1&Prime; css=\u00a0\u00bb.vc_custom_1504614928532{margin-right: 0px&hellip;<\/p>\n","protected":false},"author":1,"featured_media":0,"parent":0,"menu_order":0,"comment_status":"open","ping_status":"closed","template":"","meta":{"_acf_changed":false,"_monsterinsights_skip_tracking":false,"_monsterinsights_sitenote_active":false,"_monsterinsights_sitenote_note":"","_monsterinsights_sitenote_category":0,"footnotes":""},"class_list":["post-2154","page","type-page","status-publish","hentry"],"acf":[],"yoast_head":"<!-- This site is optimized with the Yoast SEO plugin v27.0 - https:\/\/yoast.com\/product\/yoast-seo-wordpress\/ -->\n<title>Services - NORMA ARCHITECTURE TAIN L&#039;HERMITAGE<\/title>\n<meta name=\"description\" content=\"NORMA ARCHITECTURE, agence d\u2019architectes bas\u00e9e \u00e0 Tain L\u2019Hermitage con\u00e7oit et r\u00e9alise des projets beaux, pratiques et durables pour tous types d\u2019affectation. Pr\u00e9sentation de l&#039;agence.\" \/>\n<meta name=\"robots\" content=\"index, follow, max-snippet:-1, max-image-preview:large, max-video-preview:-1\" \/>\n<link rel=\"canonical\" href=\"https:\/\/www.norma-architecture.fr\/index.php\/services\/\" \/>\n<meta property=\"og:locale\" content=\"fr_FR\" \/>\n<meta property=\"og:type\" content=\"article\" \/>\n<meta property=\"og:title\" content=\"Services - NORMA ARCHITECTURE TAIN L&#039;HERMITAGE\" \/>\n<meta property=\"og:description\" content=\"NORMA ARCHITECTURE, agence d\u2019architectes bas\u00e9e \u00e0 Tain L\u2019Hermitage con\u00e7oit et r\u00e9alise des projets beaux, pratiques et durables pour tous types d\u2019affectation. Pr\u00e9sentation de l&#039;agence.\" \/>\n<meta property=\"og:url\" content=\"https:\/\/www.norma-architecture.fr\/index.php\/services\/\" \/>\n<meta property=\"og:site_name\" content=\"NORMA ARCHITECTURE TAIN L&#039;HERMITAGE\" \/>\n<meta property=\"article:modified_time\" content=\"2019-03-08T13:18:59+00:00\" \/>\n<meta name=\"twitter:card\" content=\"summary_large_image\" \/>\n<meta name=\"twitter:label1\" content=\"Dur\u00e9e de lecture estim\u00e9e\" \/>\n\t<meta name=\"twitter:data1\" content=\"4 minutes\" \/>\n<script type=\"application\/ld+json\" class=\"yoast-schema-graph\">{\"@context\":\"https:\/\/schema.org\",\"@graph\":[{\"@type\":\"WebPage\",\"@id\":\"https:\/\/www.norma-architecture.fr\/index.php\/services\/\",\"url\":\"https:\/\/www.norma-architecture.fr\/index.php\/services\/\",\"name\":\"Services - NORMA ARCHITECTURE TAIN L&#039;HERMITAGE\",\"isPartOf\":{\"@id\":\"https:\/\/www.norma-architecture.fr\/#website\"},\"datePublished\":\"2015-03-12T14:38:59+00:00\",\"dateModified\":\"2019-03-08T13:18:59+00:00\",\"description\":\"NORMA ARCHITECTURE, agence d\u2019architectes bas\u00e9e \u00e0 Tain L\u2019Hermitage con\u00e7oit et r\u00e9alise des projets beaux, pratiques et durables pour tous types d\u2019affectation. Pr\u00e9sentation de l'agence.\",\"breadcrumb\":{\"@id\":\"https:\/\/www.norma-architecture.fr\/index.php\/services\/#breadcrumb\"},\"inLanguage\":\"fr-FR\",\"potentialAction\":[{\"@type\":\"ReadAction\",\"target\":[\"https:\/\/www.norma-architecture.fr\/index.php\/services\/\"]}]},{\"@type\":\"BreadcrumbList\",\"@id\":\"https:\/\/www.norma-architecture.fr\/index.php\/services\/#breadcrumb\",\"itemListElement\":[{\"@type\":\"ListItem\",\"position\":1,\"name\":\"Home\",\"item\":\"https:\/\/www.norma-architecture.fr\/\"},{\"@type\":\"ListItem\",\"position\":2,\"name\":\"Services\"}]},{\"@type\":\"WebSite\",\"@id\":\"https:\/\/www.norma-architecture.fr\/#website\",\"url\":\"https:\/\/www.norma-architecture.fr\/\",\"name\":\"NORMA ARCHITECTURE TAIN L'HERMITAGE\",\"description\":\"Norma - Agence d&#039;architecture\",\"publisher\":{\"@id\":\"https:\/\/www.norma-architecture.fr\/#organization\"},\"potentialAction\":[{\"@type\":\"SearchAction\",\"target\":{\"@type\":\"EntryPoint\",\"urlTemplate\":\"https:\/\/www.norma-architecture.fr\/?s={search_term_string}\"},\"query-input\":{\"@type\":\"PropertyValueSpecification\",\"valueRequired\":true,\"valueName\":\"search_term_string\"}}],\"inLanguage\":\"fr-FR\"},{\"@type\":\"Organization\",\"@id\":\"https:\/\/www.norma-architecture.fr\/#organization\",\"name\":\"NORMA ARCHITECTURE\",\"url\":\"https:\/\/www.norma-architecture.fr\/\",\"logo\":{\"@type\":\"ImageObject\",\"inLanguage\":\"fr-FR\",\"@id\":\"https:\/\/www.norma-architecture.fr\/#\/schema\/logo\/image\/\",\"url\":\"https:\/\/www.norma-architecture.fr\/wp-content\/uploads\/2018\/08\/Logo-Norma-01.png\",\"contentUrl\":\"https:\/\/www.norma-architecture.fr\/wp-content\/uploads\/2018\/08\/Logo-Norma-01.png\",\"width\":833,\"height\":833,\"caption\":\"NORMA ARCHITECTURE\"},\"image\":{\"@id\":\"https:\/\/www.norma-architecture.fr\/#\/schema\/logo\/image\/\"}}]}<\/script>\n<!-- \/ Yoast SEO plugin. -->","yoast_head_json":{"title":"Services - NORMA ARCHITECTURE TAIN L&#039;HERMITAGE","description":"NORMA ARCHITECTURE, agence d\u2019architectes bas\u00e9e \u00e0 Tain L\u2019Hermitage con\u00e7oit et r\u00e9alise des projets beaux, pratiques et durables pour tous types d\u2019affectation. Pr\u00e9sentation de l'agence.","robots":{"index":"index","follow":"follow","max-snippet":"max-snippet:-1","max-image-preview":"max-image-preview:large","max-video-preview":"max-video-preview:-1"},"canonical":"https:\/\/www.norma-architecture.fr\/index.php\/services\/","og_locale":"fr_FR","og_type":"article","og_title":"Services - NORMA ARCHITECTURE TAIN L&#039;HERMITAGE","og_description":"NORMA ARCHITECTURE, agence d\u2019architectes bas\u00e9e \u00e0 Tain L\u2019Hermitage con\u00e7oit et r\u00e9alise des projets beaux, pratiques et durables pour tous types d\u2019affectation. Pr\u00e9sentation de l'agence.","og_url":"https:\/\/www.norma-architecture.fr\/index.php\/services\/","og_site_name":"NORMA ARCHITECTURE TAIN L&#039;HERMITAGE","article_modified_time":"2019-03-08T13:18:59+00:00","twitter_card":"summary_large_image","twitter_misc":{"Dur\u00e9e de lecture estim\u00e9e":"4 minutes"},"schema":{"@context":"https:\/\/schema.org","@graph":[{"@type":"WebPage","@id":"https:\/\/www.norma-architecture.fr\/index.php\/services\/","url":"https:\/\/www.norma-architecture.fr\/index.php\/services\/","name":"Services - NORMA ARCHITECTURE TAIN L&#039;HERMITAGE","isPartOf":{"@id":"https:\/\/www.norma-architecture.fr\/#website"},"datePublished":"2015-03-12T14:38:59+00:00","dateModified":"2019-03-08T13:18:59+00:00","description":"NORMA ARCHITECTURE, agence d\u2019architectes bas\u00e9e \u00e0 Tain L\u2019Hermitage con\u00e7oit et r\u00e9alise des projets beaux, pratiques et durables pour tous types d\u2019affectation. Pr\u00e9sentation de l'agence.","breadcrumb":{"@id":"https:\/\/www.norma-architecture.fr\/index.php\/services\/#breadcrumb"},"inLanguage":"fr-FR","potentialAction":[{"@type":"ReadAction","target":["https:\/\/www.norma-architecture.fr\/index.php\/services\/"]}]},{"@type":"BreadcrumbList","@id":"https:\/\/www.norma-architecture.fr\/index.php\/services\/#breadcrumb","itemListElement":[{"@type":"ListItem","position":1,"name":"Home","item":"https:\/\/www.norma-architecture.fr\/"},{"@type":"ListItem","position":2,"name":"Services"}]},{"@type":"WebSite","@id":"https:\/\/www.norma-architecture.fr\/#website","url":"https:\/\/www.norma-architecture.fr\/","name":"NORMA ARCHITECTURE TAIN L'HERMITAGE","description":"Norma - Agence d&#039;architecture","publisher":{"@id":"https:\/\/www.norma-architecture.fr\/#organization"},"potentialAction":[{"@type":"SearchAction","target":{"@type":"EntryPoint","urlTemplate":"https:\/\/www.norma-architecture.fr\/?s={search_term_string}"},"query-input":{"@type":"PropertyValueSpecification","valueRequired":true,"valueName":"search_term_string"}}],"inLanguage":"fr-FR"},{"@type":"Organization","@id":"https:\/\/www.norma-architecture.fr\/#organization","name":"NORMA ARCHITECTURE","url":"https:\/\/www.norma-architecture.fr\/","logo":{"@type":"ImageObject","inLanguage":"fr-FR","@id":"https:\/\/www.norma-architecture.fr\/#\/schema\/logo\/image\/","url":"https:\/\/www.norma-architecture.fr\/wp-content\/uploads\/2018\/08\/Logo-Norma-01.png","contentUrl":"https:\/\/www.norma-architecture.fr\/wp-content\/uploads\/2018\/08\/Logo-Norma-01.png","width":833,"height":833,"caption":"NORMA ARCHITECTURE"},"image":{"@id":"https:\/\/www.norma-architecture.fr\/#\/schema\/logo\/image\/"}}]}},"_links":{"self":[{"href":"https:\/\/www.norma-architecture.fr\/index.php\/wp-json\/wp\/v2\/pages\/2154","targetHints":{"allow":["GET"]}}],"collection":[{"href":"https:\/\/www.norma-architecture.fr\/index.php\/wp-json\/wp\/v2\/pages"}],"about":[{"href":"https:\/\/www.norma-architecture.fr\/index.php\/wp-json\/wp\/v2\/types\/page"}],"author":[{"embeddable":true,"href":"https:\/\/www.norma-architecture.fr\/index.php\/wp-json\/wp\/v2\/users\/1"}],"replies":[{"embeddable":true,"href":"https:\/\/www.norma-architecture.fr\/index.php\/wp-json\/wp\/v2\/comments?post=2154"}],"version-history":[{"count":0,"href":"https:\/\/www.norma-architecture.fr\/index.php\/wp-json\/wp\/v2\/pages\/2154\/revisions"}],"wp:attachment":[{"href":"https:\/\/www.norma-architecture.fr\/index.php\/wp-json\/wp\/v2\/media?parent=2154"}],"curies":[{"name":"wp","href":"https:\/\/api.w.org\/{rel}","templated":true}]}}